{"id":190,"date":"2021-06-06T19:43:34","date_gmt":"2021-06-06T17:43:34","guid":{"rendered":"http:\/\/www.terranautes.org\/?page_id=190"},"modified":"2022-05-29T12:43:46","modified_gmt":"2022-05-29T10:43:46","slug":"a-propos-de-terranautes","status":"publish","type":"page","link":"https:\/\/www.terranautes.org\/index.php\/a-propos-de-terranautes\/","title":{"rendered":"A propos de Terranautes"},"content":{"rendered":"\n<p>Terranautes diffuse les articles d&rsquo;un collectif de citoyens conscients de l&rsquo;\u00e9tat \u00e9cologique alarmant de la biosph\u00e8re terrestre, exceptionnel lieu de vie dont nous devons prendre soin pour un temps ind\u00e9termin\u00e9.<\/p>\n\n\n\n<p>\u00c9tay\u00e9es par des recherches scientifiques et sourc\u00e9es, les publications de Terranautes visent tout sp\u00e9cifiquement \u00e0 contrebalancer l&rsquo;influence des groupes d&rsquo;int\u00e9r\u00eat et lobbies qui cherchent \u2013 tous les jours, sur tous les fronts \u2013 \u00e0 diminuer la r\u00e9putation, la port\u00e9e et les cons\u00e9quences des connaissances scientifiques qui leur sont d\u00e9favorables.<\/p>\n\n\n\n<p><\/p>\n\n\n\n<p>Contact : collectif.terranautes sur gmail.<\/p>\n","protected":false},"excerpt":{"rendered":"<p>Terranautes diffuse les articles d&rsquo;un collectif de citoyens conscients de l&rsquo;\u00e9tat \u00e9cologique alarmant de la biosph\u00e8re terrestre, exceptionnel lieu de vie dont nous devons prendre soin pour un temps ind\u00e9termin\u00e9. \u00c9tay\u00e9es par des recherches scientifiques et sourc\u00e9es, les publications de Terranautes visent tout sp\u00e9cifiquement \u00e0 contrebalancer l&rsquo;influence des groupes d&rsquo;int\u00e9r\u00eat et lobbies qui cherchent \u2013 &hellip; <a href=\"https:\/\/www.terranautes.org\/index.php\/a-propos-de-terranautes\/\" class=\"more-link\">Continuer la lecture<span class=\"screen-reader-text\"> de &laquo;&nbsp;A propos de Terranautes&nbsp;&raquo;<\/span><\/a><\/p>\n","protected":false},"author":1,"featured_media":0,"parent":0,"menu_order":0,"comment_status":"closed","ping_status":"closed","template":"","meta":[],"yoast_head":"<!-- This site is optimized with the Yoast SEO plugin v19.13 - https:\/\/yoast.com\/wordpress\/plugins\/seo\/ -->\n<title>A propos de Terranautes - Terranautes<\/title>\n<meta name=\"robots\" content=\"index, follow, max-snippet:-1, max-image-preview:large, max-video-preview:-1\" \/>\n<link rel=\"canonical\" href=\"https:\/\/www.terranautes.org\/index.php\/a-propos-de-terranautes\/\" \/>\n<meta property=\"og:locale\" content=\"fr_FR\" \/>\n<meta property=\"og:type\" content=\"article\" \/>\n<meta property=\"og:title\" content=\"A propos de Terranautes - Terranautes\" \/>\n<meta property=\"og:description\" content=\"Terranautes diffuse les articles d&rsquo;un collectif de citoyens conscients de l&rsquo;\u00e9tat \u00e9cologique alarmant de la biosph\u00e8re terrestre, exceptionnel lieu de vie dont nous devons prendre soin pour un temps ind\u00e9termin\u00e9. \u00c9tay\u00e9es par des recherches scientifiques et sourc\u00e9es, les publications de Terranautes visent tout sp\u00e9cifiquement \u00e0 contrebalancer l&rsquo;influence des groupes d&rsquo;int\u00e9r\u00eat et lobbies qui cherchent \u2013 &hellip; Continuer la lecture de &laquo;&nbsp;A propos de Terranautes&nbsp;&raquo;\" \/>\n<meta property=\"og:url\" content=\"https:\/\/www.terranautes.org\/index.php\/a-propos-de-terranautes\/\" \/>\n<meta property=\"og:site_name\" content=\"Terranautes\" \/>\n<meta property=\"article:modified_time\" content=\"2022-05-29T10:43:46+00:00\" \/>\n<meta name=\"twitter:card\" content=\"summary_large_image\" \/>\n<meta name=\"twitter:site\" content=\"@ethalises\" \/>\n<meta name=\"twitter:label1\" content=\"Dur\u00e9e de lecture estim\u00e9e\" \/>\n\t<meta name=\"twitter:data1\" content=\"1 minute\" \/>\n<script type=\"application\/ld+json\" class=\"yoast-schema-graph\">{\"@context\":\"https:\/\/schema.org\",\"@graph\":[{\"@type\":\"WebPage\",\"@id\":\"https:\/\/www.terranautes.org\/index.php\/a-propos-de-terranautes\/\",\"url\":\"https:\/\/www.terranautes.org\/index.php\/a-propos-de-terranautes\/\",\"name\":\"A propos de Terranautes - Terranautes\",\"isPartOf\":{\"@id\":\"https:\/\/www.terranautes.org\/#website\"},\"datePublished\":\"2021-06-06T17:43:34+00:00\",\"dateModified\":\"2022-05-29T10:43:46+00:00\",\"breadcrumb\":{\"@id\":\"https:\/\/www.terranautes.org\/index.php\/a-propos-de-terranautes\/#breadcrumb\"},\"inLanguage\":\"fr-FR\",\"potentialAction\":[{\"@type\":\"ReadAction\",\"target\":[\"https:\/\/www.terranautes.org\/index.php\/a-propos-de-terranautes\/\"]}]},{\"@type\":\"BreadcrumbList\",\"@id\":\"https:\/\/www.terranautes.org\/index.php\/a-propos-de-terranautes\/#breadcrumb\",\"itemListElement\":[{\"@type\":\"ListItem\",\"position\":1,\"name\":\"Accueil\",\"item\":\"https:\/\/www.terranautes.org\/\"},{\"@type\":\"ListItem\",\"position\":2,\"name\":\"A propos de Terranautes\"}]},{\"@type\":\"WebSite\",\"@id\":\"https:\/\/www.terranautes.org\/#website\",\"url\":\"https:\/\/www.terranautes.org\/\",\"name\":\"Terranautes\",\"description\":\"Notre navire : la biosph\u00e8re\",\"potentialAction\":[{\"@type\":\"SearchAction\",\"target\":{\"@type\":\"EntryPoint\",\"urlTemplate\":\"https:\/\/www.terranautes.org\/?s={search_term_string}\"},\"query-input\":\"required name=search_term_string\"}],\"inLanguage\":\"fr-FR\"}]}<\/script>\n<!-- \/ Yoast SEO plugin. -->","yoast_head_json":{"title":"A propos de Terranautes - Terranautes","robots":{"index":"index","follow":"follow","max-snippet":"max-snippet:-1","max-image-preview":"max-image-preview:large","max-video-preview":"max-video-preview:-1"},"canonical":"https:\/\/www.terranautes.org\/index.php\/a-propos-de-terranautes\/","og_locale":"fr_FR","og_type":"article","og_title":"A propos de Terranautes - Terranautes","og_description":"Terranautes diffuse les articles d&rsquo;un collectif de citoyens conscients de l&rsquo;\u00e9tat \u00e9cologique alarmant de la biosph\u00e8re terrestre, exceptionnel lieu de vie dont nous devons prendre soin pour un temps ind\u00e9termin\u00e9. \u00c9tay\u00e9es par des recherches scientifiques et sourc\u00e9es, les publications de Terranautes visent tout sp\u00e9cifiquement \u00e0 contrebalancer l&rsquo;influence des groupes d&rsquo;int\u00e9r\u00eat et lobbies qui cherchent \u2013 &hellip; Continuer la lecture de &laquo;&nbsp;A propos de Terranautes&nbsp;&raquo;","og_url":"https:\/\/www.terranautes.org\/index.php\/a-propos-de-terranautes\/","og_site_name":"Terranautes","article_modified_time":"2022-05-29T10:43:46+00:00","twitter_card":"summary_large_image","twitter_site":"@ethalises","twitter_misc":{"Dur\u00e9e de lecture estim\u00e9e":"1 minute"},"schema":{"@context":"https:\/\/schema.org","@graph":[{"@type":"WebPage","@id":"https:\/\/www.terranautes.org\/index.php\/a-propos-de-terranautes\/","url":"https:\/\/www.terranautes.org\/index.php\/a-propos-de-terranautes\/","name":"A propos de Terranautes - Terranautes","isPartOf":{"@id":"https:\/\/www.terranautes.org\/#website"},"datePublished":"2021-06-06T17:43:34+00:00","dateModified":"2022-05-29T10:43:46+00:00","breadcrumb":{"@id":"https:\/\/www.terranautes.org\/index.php\/a-propos-de-terranautes\/#breadcrumb"},"inLanguage":"fr-FR","potentialAction":[{"@type":"ReadAction","target":["https:\/\/www.terranautes.org\/index.php\/a-propos-de-terranautes\/"]}]},{"@type":"BreadcrumbList","@id":"https:\/\/www.terranautes.org\/index.php\/a-propos-de-terranautes\/#breadcrumb","itemListElement":[{"@type":"ListItem","position":1,"name":"Accueil","item":"https:\/\/www.terranautes.org\/"},{"@type":"ListItem","position":2,"name":"A propos de Terranautes"}]},{"@type":"WebSite","@id":"https:\/\/www.terranautes.org\/#website","url":"https:\/\/www.terranautes.org\/","name":"Terranautes","description":"Notre navire : la biosph\u00e8re","potentialAction":[{"@type":"SearchAction","target":{"@type":"EntryPoint","urlTemplate":"https:\/\/www.terranautes.org\/?s={search_term_string}"},"query-input":"required name=search_term_string"}],"inLanguage":"fr-FR"}]}},"_links":{"self":[{"href":"https:\/\/www.terranautes.org\/index.php\/wp-json\/wp\/v2\/pages\/190"}],"collection":[{"href":"https:\/\/www.terranautes.org\/index.php\/wp-json\/wp\/v2\/pages"}],"about":[{"href":"https:\/\/www.terranautes.org\/index.php\/wp-json\/wp\/v2\/types\/page"}],"author":[{"embeddable":true,"href":"https:\/\/www.terranautes.org\/index.php\/wp-json\/wp\/v2\/users\/1"}],"replies":[{"embeddable":true,"href":"https:\/\/www.terranautes.org\/index.php\/wp-json\/wp\/v2\/comments?post=190"}],"version-history":[{"count":3,"href":"https:\/\/www.terranautes.org\/index.php\/wp-json\/wp\/v2\/pages\/190\/revisions"}],"predecessor-version":[{"id":370,"href":"https:\/\/www.terranautes.org\/index.php\/wp-json\/wp\/v2\/pages\/190\/revisions\/370"}],"wp:attachment":[{"href":"https:\/\/www.terranautes.org\/index.php\/wp-json\/wp\/v2\/media?parent=190"}],"curies":[{"name":"wp","href":"https:\/\/api.w.org\/{rel}","templated":true}]}}